{"id":635,"date":"2025-03-18T16:21:25","date_gmt":"2025-03-18T15:21:25","guid":{"rendered":"https:\/\/lmit6494.live-website.com\/?page_id=635"},"modified":"2026-02-04T13:52:25","modified_gmt":"2026-02-04T12:52:25","slug":"contact","status":"publish","type":"page","link":"https:\/\/www.lm-ag.de\/en\/kontakt\/","title":{"rendered":"Contact"},"content":{"rendered":"<div class=\"et_pb_section_0 et_pb_section et_section_regular et_block_section\">\n<div class=\"et_pb_row_0 et_pb_row et_block_row\">\n<div class=\"et_pb_column_0 et_pb_column et_pb_column_4_4 et-last-child et_block_column et_pb_css_mix_blend_mode_passthrough\">\n<div class=\"et_pb_code_0 et_pb_code et_pb_module\"><div class=\"et_pb_code_inner\"><span class=\"breadcrumbs-white\">\n  <span><span><a href=\"https:\/\/www.lm-ag.de\/\">Home<\/a><\/span><\/span>\n<\/span><\/div><\/div>\n\n<div class=\"et_pb_text_0 et_pb_text et_pb_bg_layout_light et_pb_module et_block_module preset--module--divi-text--default\"><div class=\"et_pb_text_inner\"><h1>Kontakt<\/h1>\n<\/div><\/div>\n<\/div>\n<\/div>\n<\/div>\n\n<div class=\"et_pb_section_1 et_pb_section et_section_regular et_block_section\">\n<div class=\"et_pb_row_1 et_pb_row et_pb_equal_columns et_pb_gutters4 et_block_row\">\n<div class=\"et_pb_column_1 et_pb_column et_pb_column_2_3 et_block_column et_pb_css_mix_blend_mode_passthrough\">\n<div class=\"et_pb_row_2 et_pb_row et_pb_row_nested et_block_row\">\n<div class=\"et_pb_column_2 et_pb_column et_pb_column_4_4 et-last-child et_block_column et_pb_css_mix_blend_mode_passthrough\">\n<div class=\"et_pb_divider_0 et_pb_divider et_pb_space et_pb_divider_position_center et_pb_module\"><div class=\"et_pb_divider_internal\"><\/div><\/div>\n<\/div>\n<\/div>\n\n<div class=\"et_pb_text_1 et_pb_text et_pb_bg_layout_light et_pb_module et_block_module preset--module--divi-text--default\"><div class=\"et_pb_text_inner\"><h3>Kontaktanfrage \u2013 Sie haben Fragen? Treten Sie in den Austausch mit uns.<\/h3>\n<p data-start=\"94\" data-end=\"416\">Ob konkrete Projektanfrage, individuelle Beratung oder einfach nur ein erster unverbindlicher Austausch \u2013 \u00fcber unser Kontaktformular erreichen Sie schnell und direkt die passenden Expertinnen und Experten der LM IT Services AG. So stellen wir sicher, dass Ihr Anliegen nicht irgendwo landet, sondern von Beginn an in den richtigen H\u00e4nden ist.<\/p>\n<p data-start=\"418\" data-end=\"813\">Jede Anfrage ist selbstverst\u00e4ndlich kostenlos und wird von uns mit gr\u00f6\u00dfter Sorgfalt sowie echter Verbindlichkeit bearbeitet. Wir nehmen uns die Zeit, Ihr Anliegen zu verstehen, und geben Ihnen eine R\u00fcckmeldung, die mehr ist als nur eine Standardantwort. Unser Ziel ist es, Ihnen zeitnah und pers\u00f6nlich weiterzuhelfen \u2013 egal, ob es um eine kurze R\u00fcckfrage oder ein umfangreicheres Projekt geht.<\/p>\n<p data-start=\"815\" data-end=\"1067\">Wir freuen uns auf Ihre Nachricht, begleiten Sie gerne Schritt f\u00fcr Schritt und melden uns zuverl\u00e4ssig bei Ihnen zur\u00fcck. Auf diese Weise schaffen wir die Basis f\u00fcr eine vertrauensvolle Zusammenarbeit und einen Austausch, der Mehrwert bietet \u2013 von Anfang an.<\/p>\n<\/div><\/div>\n\n<div class=\"et_pb_code_1 et_pb_code et_pb_module forms-css-testing\"><div class=\"et_pb_code_inner\"><style id=\"wpforms-css-vars-321\">\n\t\t\t\t#wpforms-321 {\n\t\t\t\t--wpforms-field-size-input-height: 43px;\n--wpforms-field-size-input-spacing: 15px;\n--wpforms-field-size-font-size: 16px;\n--wpforms-field-size-line-height: 19px;\n--wpforms-field-size-padding-h: 14px;\n--wpforms-field-size-checkbox-size: 16px;\n--wpforms-field-size-sublabel-spacing: 5px;\n--wpforms-field-size-icon-size: 1;\n--wpforms-label-size-font-size: 16px;\n--wpforms-label-size-line-height: 19px;\n--wpforms-label-size-sublabel-font-size: 14px;\n--wpforms-label-size-sublabel-line-height: 17px;\n--wpforms-button-size-font-size: 17px;\n--wpforms-button-size-height: 41px;\n--wpforms-button-size-padding-h: 15px;\n--wpforms-button-size-margin-top: 10px;\n--wpforms-container-shadow-size-box-shadow: none;\n\t\t\t}\n\t\t\t<\/style><div class=\"wpforms-container wpforms-container-full wpforms-render-modern\" id=\"wpforms-321\"><form id=\"wpforms-form-321\" class=\"wpforms-validate wpforms-form wpforms-ajax-form\" data-formid=\"321\" method=\"post\" enctype=\"multipart\/form-data\" action=\"\/en\/wp-json\/wp\/v2\/pages\/635\" data-token=\"8430e4e7d79f8d322bae617bd5cfa9c1\" data-token-time=\"1776176168\"><noscript class=\"wpforms-error-noscript\">Please enable JavaScript in your browser to complete this form.<\/noscript><div id=\"wpforms-error-noscript\" style=\"display: none;\">Please enable JavaScript in your browser to complete this form.<\/div><div class=\"wpforms-field-container\"><div id=\"wpforms-321-field_1-container\" class=\"wpforms-field wpforms-field-name\" data-field-id=\"1\"><fieldset><legend class=\"wpforms-field-label wpforms-label-hide\" aria-hidden=\"false\">Name <span class=\"wpforms-required-label\" aria-hidden=\"true\">*<\/span><\/legend><div class=\"wpforms-field-row wpforms-field-large\"><div class=\"wpforms-field-row-block wpforms-first wpforms-one-half\"><input type=\"text\" id=\"wpforms-321-field_1\" class=\"wpforms-field-name-first wpforms-field-required\" name=\"wpforms[fields][1][first]\" placeholder=\"Vorname*\" aria-errormessage=\"wpforms-321-field_1-error\" required><label for=\"wpforms-321-field_1\" class=\"wpforms-field-sublabel after wpforms-sublabel-hide\">First<\/label><\/div><div class=\"wpforms-field-row-block wpforms-one-half\"><input type=\"text\" id=\"wpforms-321-field_1-last\" class=\"wpforms-field-name-last wpforms-field-required\" name=\"wpforms[fields][1][last]\" placeholder=\"Nachname*\" aria-errormessage=\"wpforms-321-field_1-last-error\" required><label for=\"wpforms-321-field_1-last\" class=\"wpforms-field-sublabel after wpforms-sublabel-hide\">Last<\/label><\/div><\/div><\/fieldset><\/div><div id=\"wpforms-321-field_2-container\" class=\"wpforms-field wpforms-field-email\" data-field-id=\"2\"><label class=\"wpforms-field-label wpforms-label-hide\" for=\"wpforms-321-field_2\" aria-hidden=\"false\">E-Mail-Adresse <span class=\"wpforms-required-label\" aria-hidden=\"true\">*<\/span><\/label><input type=\"email\" id=\"wpforms-321-field_2\" class=\"wpforms-field-large wpforms-field-required\" name=\"wpforms[fields][2]\" placeholder=\"E-Mail-Adresse*\" spellcheck=\"false\" aria-errormessage=\"wpforms-321-field_2-error\" required><\/div><div id=\"wpforms-321-field_6-container\" class=\"wpforms-field wpforms-field-text\" data-field-id=\"6\"><label class=\"wpforms-field-label wpforms-label-hide\" for=\"wpforms-321-field_6\" aria-hidden=\"false\">Telefonnummer <span class=\"wpforms-required-label\" aria-hidden=\"true\">*<\/span><\/label><input type=\"text\" id=\"wpforms-321-field_6\" class=\"wpforms-field-large wpforms-field-required\" name=\"wpforms[fields][6]\" placeholder=\"Telefonnummer*\" aria-errormessage=\"wpforms-321-field_6-error\" required><\/div><div id=\"wpforms-321-field_4-container\" class=\"wpforms-field wpforms-field-textarea\" data-field-id=\"4\"><label class=\"wpforms-field-label wpforms-label-hide\" for=\"wpforms-321-field_4\" aria-hidden=\"false\">Nachricht <span class=\"wpforms-required-label\" aria-hidden=\"true\">*<\/span><\/label><textarea id=\"wpforms-321-field_4\" class=\"wpforms-field-large wpforms-field-required\" name=\"wpforms[fields][4]\" placeholder=\"Nachricht*\" aria-errormessage=\"wpforms-321-field_4-error\" required><\/textarea><\/div>\t\t<div id=\"wpforms-321-field_3-container\"\n\t\t\tclass=\"wpforms-field wpforms-field-text\"\n\t\t\tdata-field-type=\"text\"\n\t\t\tdata-field-id=\"3\"\n\t\t\t>\n\t\t\t<label class=\"wpforms-field-label\" for=\"wpforms-321-field_3\" >der Nachricht Ursprung<\/label>\n\t\t\t<input type=\"text\" id=\"wpforms-321-field_3\" class=\"wpforms-field-medium\" name=\"wpforms[fields][3]\" >\n\t\t<\/div>\n\t\t<div id=\"wpforms-321-field_5-container\" class=\"wpforms-field wpforms-field-checkbox\" data-field-id=\"5\"><fieldset><legend class=\"wpforms-field-label wpforms-label-hide\" aria-hidden=\"false\">Datenschutz <span class=\"wpforms-required-label\" aria-hidden=\"true\">*<\/span><\/legend><ul id=\"wpforms-321-field_5\" class=\"wpforms-field-required\"><li class=\"choice-1 depth-1\"><input type=\"checkbox\" id=\"wpforms-321-field_5_1\" name=\"wpforms[fields][5][]\" value=\"Ich bin damit einverstanden, dass meine Daten ausschlie\u00dflich zum Zweck der Beantwortung meiner Anfrage genutzt werden und akzeptiere die &lt;a href=&quot;\/datenschutz&quot;&gt;Datenschutzerkl\u00e4rung&lt;\/a&gt;*\" aria-errormessage=\"wpforms-321-field_5_1-error\" required ><label class=\"wpforms-field-label-inline\" for=\"wpforms-321-field_5_1\">Ich bin damit einverstanden, dass meine Daten ausschlie\u00dflich zum Zweck der Beantwortung meiner Anfrage genutzt werden und akzeptiere die <a href=\"\/datenschutz\">Datenschutzerkl\u00e4rung<\/a>*<\/label><\/li><\/ul><\/fieldset><\/div><div id=\"wpforms-321-field_8-container\" class=\"wpforms-field wpforms-field-hidden\" data-field-id=\"8\"><input type=\"hidden\" id=\"wpforms-321-field_8\" name=\"wpforms[fields][8]\"><\/div><div id=\"wpforms-321-field_7-container\" class=\"wpforms-field wpforms-field-hidden\" data-field-id=\"7\"><input type=\"hidden\" id=\"wpforms-321-field_7\" name=\"wpforms[fields][7]\" value=\"https:\/\/www.lm-ag.de\/en\/wp-json\/wp\/v2\/pages\/635\"><\/div><script>\n\t\t\t\t( function() {\n\t\t\t\t\tconst style = document.createElement( 'style' );\n\t\t\t\t\tstyle.appendChild( document.createTextNode( '#wpforms-321-field_3-container { position: absolute !important; overflow: hidden !important; display: inline !important; height: 1px !important; width: 1px !important; z-index: -1000 !important; padding: 0 !important; } #wpforms-321-field_3-container input { visibility: hidden; } #wpforms-conversational-form-page #wpforms-321-field_3-container label { counter-increment: none; }' ) );\n\t\t\t\t\tdocument.head.appendChild( style );\n\t\t\t\t\tdocument.currentScript?.remove();\n\t\t\t\t} )();\n\t\t\t<\/script><\/div><!-- .wpforms-field-container --><div class=\"wpforms-recaptcha-container wpforms-is-turnstile\" ><div class=\"wpforms-turnstile\" data-sitekey=\"0x4AAAAAACqLoLFEFk6Fmvax\" data-action=\"FormID-321\"><\/div><input type=\"text\" name=\"g-recaptcha-hidden\" class=\"wpforms-recaptcha-hidden\" style=\"position:absolute!important;clip:rect(0,0,0,0)!important;height:1px!important;width:1px!important;border:0!important;overflow:hidden!important;padding:0!important;margin:0!important;\" data-rule-turnstile=\"1\"><\/div><div class=\"wpforms-submit-container\" ><input type=\"hidden\" name=\"wpforms[id]\" value=\"321\"><input type=\"hidden\" name=\"page_title\" value=\"\"><input type=\"hidden\" name=\"page_url\" value=\"https:\/\/www.lm-ag.de\/en\/wp-json\/wp\/v2\/pages\/635\"><input type=\"hidden\" name=\"url_referer\" value=\"\"><button type=\"submit\" name=\"wpforms[submit]\" id=\"wpforms-submit-321\" class=\"wpforms-submit\" data-alt-text=\"...wird gesendet...\" data-submit-text=\"Anfrage absenden\" aria-live=\"assertive\" value=\"wpforms-submit\">Anfrage absenden<\/button><img loading=\"lazy\" decoding=\"async\" src=\"https:\/\/www.lm-ag.de\/wp-content\/plugins\/wpforms\/assets\/images\/submit-spin.svg\" class=\"wpforms-submit-spinner\" style=\"display: none;\" width=\"26\" height=\"26\" alt=\"Loading\"><\/div><\/form><\/div>  <!-- .wpforms-container --><\/div><\/div>\n<\/div>\n\n<div class=\"et_pb_column_3 et_pb_column et_pb_column_1_3 et-last-child et_block_column et_pb_css_mix_blend_mode_passthrough\">\n<div class=\"et_pb_row_3 et_pb_row et_pb_row_nested et_block_row\">\n<div class=\"et_pb_column_4 et_pb_column et_pb_column_4_4 et-last-child et_block_column et_pb_css_mix_blend_mode_passthrough\">\n<div class=\"et_pb_text_2 et_pb_text et_pb_bg_layout_light et_pb_module et_block_module preset--module--divi-text--default\"><div class=\"et_pb_text_inner\"><h5>Haben Sie Interesse an einem pers\u00f6nlichen Austausch?<\/h5>\n<p>In einem 30-Min\u00fctigen Termin sprechen wir gemeinsam \u00fcber offene Fragen und wie wir Ihnen helfen k\u00f6nnen.<\/p>\n<\/div><\/div>\n\n<div class=\"et_pb_module et_pb_button_module_wrapper et_pb_button_0_wrapper preset--module--divi-button--1vf97bjh4s_wrapper\"><a class=\"et_pb_button_0 et_pb_button et_pb_bg_layout_light et_pb_module et_block_module preset--module--divi-button--1vf97bjh4s\" href=\"https:\/\/outlook.office.com.mcas.ms\/book\/Bookings-Terminanfrage@lm-ag.de\/\" target=\"_blank\">Termin buchen<\/a><\/div>\n<\/div>\n<\/div>\n\n<div class=\"et_pb_row_4 et_pb_row et_pb_row_nested et_block_row\">\n<div class=\"et_pb_column_5 et_pb_column et_pb_column_4_4 et-last-child et_block_column et_pb_css_mix_blend_mode_passthrough\">\n<div class=\"et_pb_text_3 et_pb_text et_pb_bg_layout_light et_pb_module et_block_module preset--module--divi-text--default\"><div class=\"et_pb_text_inner\"><h5>Unsere Kontaktdaten<\/h5>\n<p>LM IT Services AG<br \/>Rheiner Landstr. 189<br \/>49078 Osnabr\u00fcck<br \/>Deutschland<\/p>\n<\/div><\/div>\n\n<div class=\"et_pb_blurb_0 et_pb_blurb et_pb_bg_layout_light et_pb_text_align_left-tablet et_pb_text_align_left-phone et_pb_blurb_position_left et_pb_module et_block_module blurb-footer\"><div class=\"et_pb_blurb_content\"><div class=\"et_pb_main_blurb_image\"><a href=\"tel:+49541406640\"><span class=\"et_pb_image_wrap\"><span class=\"et-pb-icon et-waypoint et_pb_animation_top et_pb_animation_top_tablet et_pb_animation_top_phone\">\ue090<\/span><\/span><\/a><\/div><div class=\"et_pb_blurb_container\"><h4 class=\"et_pb_module_header\"><a href=\"tel:+49541406640\">0541 40 66 40<\/a><\/h4><\/div><\/div><\/div>\n\n<div class=\"et_pb_blurb_1 et_pb_blurb et_pb_bg_layout_light et_pb_text_align_left-tablet et_pb_text_align_left-phone et_pb_blurb_position_left et_pb_module et_block_module blurb-footer\"><div class=\"et_pb_blurb_content\"><div class=\"et_pb_main_blurb_image\"><a href=\"mailto:info@lm-ag.de\"><span class=\"et_pb_image_wrap\"><span class=\"et-pb-icon et-waypoint et_pb_animation_top et_pb_animation_top_tablet et_pb_animation_top_phone\">\ue076<\/span><\/span><\/a><\/div><div class=\"et_pb_blurb_container\"><h4 class=\"et_pb_module_header\"><a href=\"mailto:info@lm-ag.de\">info@lm-ag.de<\/a><\/h4><\/div><\/div><\/div>\n\n<div class=\"et_pb_blurb_2 et_pb_blurb et_pb_bg_layout_light et_pb_text_align_left-tablet et_pb_text_align_left-phone et_pb_blurb_position_left et_pb_module et_block_module blurb-footer\"><div class=\"et_pb_blurb_content\"><div class=\"et_pb_main_blurb_image\"><a href=\"https:\/\/www.google.de\/maps\/place\/LM+IT+Services+AG\/@52.268925,7.9906433,17z\/data=!3m1!4b1!4m5!3m4!1s0x479dd8cfd5969645:0x9f3dd2cee2f6196f!8m2!3d52.268925!4d7.992832\" target=\"_blank\"><span class=\"et_pb_image_wrap\"><span class=\"et-pb-icon et-waypoint et_pb_animation_top et_pb_animation_top_tablet et_pb_animation_top_phone\">\ue081<\/span><\/span><\/a><\/div><div class=\"et_pb_blurb_container\"><h4 class=\"et_pb_module_header\"><a href=\"https:\/\/www.google.de\/maps\/place\/LM+IT+Services+AG\/@52.268925,7.9906433,17z\/data=!3m1!4b1!4m5!3m4!1s0x479dd8cfd5969645:0x9f3dd2cee2f6196f!8m2!3d52.268925!4d7.992832\" target=\"_blank\">Wegbeschreibung<\/a><\/h4><\/div><\/div><\/div>\n<\/div>\n<\/div>\n\n<div class=\"et_pb_row_5 et_pb_row et_pb_row_nested et_block_row et_clickable\">\n<div class=\"et_pb_column_6 et_pb_column et_pb_column_4_4 et-last-child et_block_column et_pb_css_mix_blend_mode_passthrough\">\n<div class=\"et_pb_divider_1 et_pb_divider et_pb_space et_pb_divider_position_center et_pb_module\"><div class=\"et_pb_divider_internal\"><\/div><\/div>\n<\/div>\n<\/div>\n<\/div>\n<\/div>\n<\/div>","protected":false},"excerpt":{"rendered":"","protected":false},"author":1,"featured_media":0,"parent":0,"menu_order":0,"comment_status":"closed","ping_status":"closed","template":"","meta":{"footnotes":""},"class_list":["post-635","page","type-page","status-publish","hentry"],"yoast_head":"<!-- This site is optimized with the Yoast SEO plugin v27.1.1 - https:\/\/yoast.com\/product\/yoast-seo-wordpress\/ -->\n<title>Kontakt zur LM IT Services AG<\/title>\n<meta name=\"description\" content=\"Sie suchen Kontakt zu LM IT Services AG? Dann sind Sie auf dieser Seite richtig. Alle Kontaktm\u00f6glichkeiten finden Sie hier.\" \/>\n<meta name=\"robots\" content=\"index, follow, max-snippet:-1, max-image-preview:large, max-video-preview:-1\" \/>\n<link rel=\"canonical\" href=\"https:\/\/www.lm-ag.de\/en\/contact\/\" \/>\n<meta property=\"og:locale\" content=\"en_GB\" \/>\n<meta property=\"og:type\" content=\"article\" \/>\n<meta property=\"og:title\" content=\"kontakt\" \/>\n<meta property=\"og:description\" content=\"Sie suchen Kontakt zu LM IT Services AG? Dann sind Sie auf dieser Seite richtig. Alle Kontaktm\u00f6glichkeiten finden Sie hier.\" \/>\n<meta property=\"og:url\" content=\"https:\/\/www.lm-ag.de\/en\/contact\/\" \/>\n<meta property=\"og:site_name\" content=\"LM IT Services AG\" \/>\n<meta property=\"article:publisher\" content=\"https:\/\/www.facebook.com\/LMITServicesAG\" \/>\n<meta property=\"article:modified_time\" content=\"2026-02-04T12:52:25+00:00\" \/>\n<meta property=\"og:image\" content=\"https:\/\/www.lm-ag.de\/wp-content\/uploads\/2025\/06\/LM_Kontakt-Header.webp\" \/>\n\t<meta property=\"og:image:width\" content=\"1800\" \/>\n\t<meta property=\"og:image:height\" content=\"500\" \/>\n\t<meta property=\"og:image:type\" content=\"image\/webp\" \/>\n<meta name=\"twitter:card\" content=\"summary_large_image\" \/>\n<meta name=\"twitter:title\" content=\"kontakt\" \/>\n<meta name=\"twitter:image\" content=\"https:\/\/www.lm-ag.de\/wp-content\/uploads\/2025\/06\/LM_Kontakt-Header.webp\" \/>\n<script type=\"application\/ld+json\" class=\"yoast-schema-graph\">{\"@context\":\"https:\/\/schema.org\",\"@graph\":[{\"@type\":\"WebPage\",\"@id\":\"https:\/\/www.lm-ag.de\/kontakt\/\",\"url\":\"https:\/\/www.lm-ag.de\/kontakt\/\",\"name\":\"Kontakt zur LM IT Services AG\",\"isPartOf\":{\"@id\":\"https:\/\/www.lm-ag.de\/#website\"},\"datePublished\":\"2025-03-18T15:21:25+00:00\",\"dateModified\":\"2026-02-04T12:52:25+00:00\",\"description\":\"Sie suchen Kontakt zu LM IT Services AG? Dann sind Sie auf dieser Seite richtig. Alle Kontaktm\u00f6glichkeiten finden Sie hier.\",\"breadcrumb\":{\"@id\":\"https:\/\/www.lm-ag.de\/kontakt\/#breadcrumb\"},\"inLanguage\":\"en-GB\",\"potentialAction\":[{\"@type\":\"ReadAction\",\"target\":[\"https:\/\/www.lm-ag.de\/kontakt\/\"]}]},{\"@type\":\"BreadcrumbList\",\"@id\":\"https:\/\/www.lm-ag.de\/kontakt\/#breadcrumb\",\"itemListElement\":[{\"@type\":\"ListItem\",\"position\":1,\"name\":\"Home\",\"item\":\"https:\/\/www.lm-ag.de\/\"},{\"@type\":\"ListItem\",\"position\":2,\"name\":\"Kontakt\"}]},{\"@type\":\"WebSite\",\"@id\":\"https:\/\/www.lm-ag.de\/#website\",\"url\":\"https:\/\/www.lm-ag.de\/\",\"name\":\"LM IT Services AG\",\"description\":\"Der IT Dienstleister aus Osnabr\u00fcck\",\"publisher\":{\"@id\":\"https:\/\/www.lm-ag.de\/#organization\"},\"potentialAction\":[{\"@type\":\"SearchAction\",\"target\":{\"@type\":\"EntryPoint\",\"urlTemplate\":\"https:\/\/www.lm-ag.de\/?s={search_term_string}\"},\"query-input\":{\"@type\":\"PropertyValueSpecification\",\"valueRequired\":true,\"valueName\":\"search_term_string\"}}],\"inLanguage\":\"en-GB\"},{\"@type\":\"Organization\",\"@id\":\"https:\/\/www.lm-ag.de\/#organization\",\"name\":\"LM IT Services AG\",\"url\":\"https:\/\/www.lm-ag.de\/\",\"logo\":{\"@type\":\"ImageObject\",\"inLanguage\":\"en-GB\",\"@id\":\"https:\/\/www.lm-ag.de\/#\/schema\/logo\/image\/\",\"url\":\"https:\/\/www.lm-ag.de\/wp-content\/uploads\/2025\/04\/LM_Historie-2022.svg\",\"contentUrl\":\"https:\/\/www.lm-ag.de\/wp-content\/uploads\/2025\/04\/LM_Historie-2022.svg\",\"width\":1,\"height\":1,\"caption\":\"LM IT Services AG\"},\"image\":{\"@id\":\"https:\/\/www.lm-ag.de\/#\/schema\/logo\/image\/\"},\"sameAs\":[\"https:\/\/www.facebook.com\/LMITServicesAG\",\"https:\/\/www.linkedin.com\/company\/lm-it-services-ag\/\",\"https:\/\/www.instagram.com\/lmitservicesag\/\",\"https:\/\/www.youtube.com\/channel\/UC8C4s1Arjmt9NgOBgzpH39Q\"]}]}<\/script>\n<!-- \/ Yoast SEO plugin. -->","yoast_head_json":{"title":"Contact LM IT Services AG","description":"Are you looking for contact with LM IT Services AG? Then this page is the right place for you. You can find all contact details here.","robots":{"index":"index","follow":"follow","max-snippet":"max-snippet:-1","max-image-preview":"max-image-preview:large","max-video-preview":"max-video-preview:-1"},"canonical":"https:\/\/www.lm-ag.de\/en\/contact\/","og_locale":"en_GB","og_type":"article","og_title":"kontakt","og_description":"Sie suchen Kontakt zu LM IT Services AG? Dann sind Sie auf dieser Seite richtig. Alle Kontaktm\u00f6glichkeiten finden Sie hier.","og_url":"https:\/\/www.lm-ag.de\/en\/contact\/","og_site_name":"LM IT Services AG","article_publisher":"https:\/\/www.facebook.com\/LMITServicesAG","article_modified_time":"2026-02-04T12:52:25+00:00","og_image":[{"width":1800,"height":500,"url":"https:\/\/www.lm-ag.de\/wp-content\/uploads\/2025\/06\/LM_Kontakt-Header.webp","type":"image\/webp"}],"twitter_card":"summary_large_image","twitter_title":"kontakt","twitter_image":"https:\/\/www.lm-ag.de\/wp-content\/uploads\/2025\/06\/LM_Kontakt-Header.webp","schema":{"@context":"https:\/\/schema.org","@graph":[{"@type":"WebPage","@id":"https:\/\/www.lm-ag.de\/kontakt\/","url":"https:\/\/www.lm-ag.de\/kontakt\/","name":"Contact LM IT Services AG","isPartOf":{"@id":"https:\/\/www.lm-ag.de\/#website"},"datePublished":"2025-03-18T15:21:25+00:00","dateModified":"2026-02-04T12:52:25+00:00","description":"Are you looking for contact with LM IT Services AG? Then this page is the right place for you. You can find all contact details here.","breadcrumb":{"@id":"https:\/\/www.lm-ag.de\/kontakt\/#breadcrumb"},"inLanguage":"en-GB","potentialAction":[{"@type":"ReadAction","target":["https:\/\/www.lm-ag.de\/kontakt\/"]}]},{"@type":"BreadcrumbList","@id":"https:\/\/www.lm-ag.de\/kontakt\/#breadcrumb","itemListElement":[{"@type":"ListItem","position":1,"name":"Home","item":"https:\/\/www.lm-ag.de\/"},{"@type":"ListItem","position":2,"name":"Kontakt"}]},{"@type":"WebSite","@id":"https:\/\/www.lm-ag.de\/#website","url":"https:\/\/www.lm-ag.de\/","name":"LM IT Services AG","description":"The IT service provider from Osnabr\u00fcck","publisher":{"@id":"https:\/\/www.lm-ag.de\/#organization"},"potentialAction":[{"@type":"SearchAction","target":{"@type":"EntryPoint","urlTemplate":"https:\/\/www.lm-ag.de\/?s={search_term_string}"},"query-input":{"@type":"PropertyValueSpecification","valueRequired":true,"valueName":"search_term_string"}}],"inLanguage":"en-GB"},{"@type":"Organization","@id":"https:\/\/www.lm-ag.de\/#organization","name":"LM IT Services AG","url":"https:\/\/www.lm-ag.de\/","logo":{"@type":"ImageObject","inLanguage":"en-GB","@id":"https:\/\/www.lm-ag.de\/#\/schema\/logo\/image\/","url":"https:\/\/www.lm-ag.de\/wp-content\/uploads\/2025\/04\/LM_Historie-2022.svg","contentUrl":"https:\/\/www.lm-ag.de\/wp-content\/uploads\/2025\/04\/LM_Historie-2022.svg","width":1,"height":1,"caption":"LM IT Services AG"},"image":{"@id":"https:\/\/www.lm-ag.de\/#\/schema\/logo\/image\/"},"sameAs":["https:\/\/www.facebook.com\/LMITServicesAG","https:\/\/www.linkedin.com\/company\/lm-it-services-ag\/","https:\/\/www.instagram.com\/lmitservicesag\/","https:\/\/www.youtube.com\/channel\/UC8C4s1Arjmt9NgOBgzpH39Q"]}]}},"_links":{"self":[{"href":"https:\/\/www.lm-ag.de\/en\/wp-json\/wp\/v2\/pages\/635","targetHints":{"allow":["GET"]}}],"collection":[{"href":"https:\/\/www.lm-ag.de\/en\/wp-json\/wp\/v2\/pages"}],"about":[{"href":"https:\/\/www.lm-ag.de\/en\/wp-json\/wp\/v2\/types\/page"}],"author":[{"embeddable":true,"href":"https:\/\/www.lm-ag.de\/en\/wp-json\/wp\/v2\/users\/1"}],"replies":[{"embeddable":true,"href":"https:\/\/www.lm-ag.de\/en\/wp-json\/wp\/v2\/comments?post=635"}],"version-history":[{"count":25,"href":"https:\/\/www.lm-ag.de\/en\/wp-json\/wp\/v2\/pages\/635\/revisions"}],"predecessor-version":[{"id":245944,"href":"https:\/\/www.lm-ag.de\/en\/wp-json\/wp\/v2\/pages\/635\/revisions\/245944"}],"wp:attachment":[{"href":"https:\/\/www.lm-ag.de\/en\/wp-json\/wp\/v2\/media?parent=635"}],"curies":[{"name":"wp","href":"https:\/\/api.w.org\/{rel}","templated":true}]}}